{"id":2126,"date":"2025-11-05T20:46:01","date_gmt":"2025-11-05T19:46:01","guid":{"rendered":"https:\/\/www.creasions.be\/?page_id=2126"},"modified":"2025-11-29T21:25:16","modified_gmt":"2025-11-29T20:25:16","slug":"articles-de-noel","status":"publish","type":"page","link":"https:\/\/www.creasions.be\/index.php\/articles-de-noel\/","title":{"rendered":"Articles de No\u00ebl"},"content":{"rendered":"\n<div class=\"wp-block-group alignfull has-global-padding is-content-justification-center is-layout-constrained wp-container-core-group-is-layout-df757ecc wp-block-group-is-layout-constrained\" style=\"margin-top:0;margin-bottom:0;padding-top:calc( 0.5 * var(--wp--style--root--padding-right, var(--wp--custom--gap--horizontal)));padding-right:var(--wp--style--root--padding-right, var(--wp--custom--gap--horizontal));padding-bottom:calc( 0.5 * var(--wp--style--root--padding-right, var(--wp--custom--gap--horizontal)));padding-left:var(--wp--style--root--padding-left, var(--wp--custom--gap--horizontal))\">\n<div class=\"wp-block-columns alignwide is-layout-flex wp-container-core-columns-is-layout-d0846407 wp-block-columns-is-layout-flex\">\n<div class=\"wp-block-column is-layout-flow wp-block-column-is-layout-flow\">\n<figure class=\"wp-block-image size-full\"><a href=\"https:\/\/www.creasions.be\/index.php\/boules-de-noel\/\"><img loading=\"lazy\" decoding=\"async\" width=\"1707\" height=\"2560\" src=\"https:\/\/www.creasions.be\/wp-content\/uploads\/2025\/11\/Night-Bleu-Mat-edited-1-scaled.jpg\" alt=\"\" class=\"wp-image-2139\" srcset=\"https:\/\/www.creasions.be\/wp-content\/uploads\/2025\/11\/Night-Bleu-Mat-edited-1-scaled.jpg 1707w, https:\/\/www.creasions.be\/wp-content\/uploads\/2025\/11\/Night-Bleu-Mat-edited-1-200x300.jpg 200w, https:\/\/www.creasions.be\/wp-content\/uploads\/2025\/11\/Night-Bleu-Mat-edited-1-683x1024.jpg 683w, https:\/\/www.creasions.be\/wp-content\/uploads\/2025\/11\/Night-Bleu-Mat-edited-1-768x1152.jpg 768w, https:\/\/www.creasions.be\/wp-content\/uploads\/2025\/11\/Night-Bleu-Mat-edited-1-1024x1536.jpg 1024w, https:\/\/www.creasions.be\/wp-content\/uploads\/2025\/11\/Night-Bleu-Mat-edited-1-1365x2048.jpg 1365w\" sizes=\"auto, (max-width: 1707px) 100vw, 1707px\" \/><\/a><\/figure>\n\n\n\n<h3 class=\"wp-block-heading has-medium-font-size\">Boules de No\u00ebl<\/h3>\n<\/div>\n\n\n\n<div class=\"wp-block-column is-layout-flow wp-block-column-is-layout-flow\">\n<figure class=\"wp-block-image size-full\"><a href=\"https:\/\/www.creasions.be\/index.php\/boules-de-noel-en-feuille-acrylique\/\"><img loading=\"lazy\" decoding=\"async\" width=\"1707\" height=\"2560\" src=\"https:\/\/www.creasions.be\/wp-content\/uploads\/2025\/11\/IMG_6332-edited-scaled.jpeg\" alt=\"\" class=\"wp-image-2342\" srcset=\"https:\/\/www.creasions.be\/wp-content\/uploads\/2025\/11\/IMG_6332-edited-scaled.jpeg 1707w, https:\/\/www.creasions.be\/wp-content\/uploads\/2025\/11\/IMG_6332-edited-200x300.jpeg 200w, https:\/\/www.creasions.be\/wp-content\/uploads\/2025\/11\/IMG_6332-edited-683x1024.jpeg 683w, https:\/\/www.creasions.be\/wp-content\/uploads\/2025\/11\/IMG_6332-edited-768x1152.jpeg 768w, https:\/\/www.creasions.be\/wp-content\/uploads\/2025\/11\/IMG_6332-edited-1024x1536.jpeg 1024w, https:\/\/www.creasions.be\/wp-content\/uploads\/2025\/11\/IMG_6332-edited-1365x2048.jpeg 1365w\" sizes=\"auto, (max-width: 1707px) 100vw, 1707px\" \/><\/a><\/figure>\n\n\n\n<h3 class=\"wp-block-heading has-medium-font-size\">Boules de No\u00ebl en Feuille Acrylique<\/h3>\n<\/div>\n\n\n\n<div class=\"wp-block-column is-layout-flow wp-block-column-is-layout-flow\">\n<figure class=\"wp-block-image size-full\"><a href=\"https:\/\/www.creasions.be\/index.php\/mug-de-noel\/\"><img loading=\"lazy\" decoding=\"async\" width=\"800\" height=\"1200\" src=\"https:\/\/www.creasions.be\/wp-content\/uploads\/2025\/11\/IMG_4707.jpg\" alt=\"\" class=\"wp-image-2131\" srcset=\"https:\/\/www.creasions.be\/wp-content\/uploads\/2025\/11\/IMG_4707.jpg 800w, https:\/\/www.creasions.be\/wp-content\/uploads\/2025\/11\/IMG_4707-200x300.jpg 200w, https:\/\/www.creasions.be\/wp-content\/uploads\/2025\/11\/IMG_4707-683x1024.jpg 683w, https:\/\/www.creasions.be\/wp-content\/uploads\/2025\/11\/IMG_4707-768x1152.jpg 768w\" sizes=\"auto, (max-width: 800px) 100vw, 800px\" \/><\/a><\/figure>\n\n\n\n<h3 class=\"wp-block-heading has-medium-font-size\">Mug de No\u00ebl<\/h3>\n<\/div>\n\n\n\n<div class=\"wp-block-column is-layout-flow wp-block-column-is-layout-flow\">\n<figure class=\"wp-block-image size-full\"><a href=\"https:\/\/www.creasions.be\/index.php\/photphores-de-noel\/\"><img loading=\"lazy\" decoding=\"async\" width=\"800\" height=\"1200\" src=\"https:\/\/www.creasions.be\/wp-content\/uploads\/2025\/11\/IMG_8489-1.jpg\" alt=\"\" class=\"wp-image-2133\" srcset=\"https:\/\/www.creasions.be\/wp-content\/uploads\/2025\/11\/IMG_8489-1.jpg 800w, https:\/\/www.creasions.be\/wp-content\/uploads\/2025\/11\/IMG_8489-1-200x300.jpg 200w, https:\/\/www.creasions.be\/wp-content\/uploads\/2025\/11\/IMG_8489-1-683x1024.jpg 683w, https:\/\/www.creasions.be\/wp-content\/uploads\/2025\/11\/IMG_8489-1-768x1152.jpg 768w\" sizes=\"auto, (max-width: 800px) 100vw, 800px\" \/><\/a><\/figure>\n\n\n\n<h3 class=\"wp-block-heading has-medium-font-size\">Photophores de No\u00ebl<\/h3>\n<\/div>\n<\/div>\n\n\n\n<div class=\"wp-block-columns alignwide is-layout-flex wp-container-core-columns-is-layout-d0846407 wp-block-columns-is-layout-flex\">\n<div class=\"wp-block-column is-layout-flow wp-block-column-is-layout-flow\">\n<figure class=\"wp-block-image size-full\"><a href=\"https:\/\/www.creasions.be\/index.php\/hottes-de-noel\/\"><img loading=\"lazy\" decoding=\"async\" width=\"910\" height=\"1366\" src=\"https:\/\/www.creasions.be\/wp-content\/uploads\/2025\/04\/Hottes_Pere-Noel-1.jpeg\" alt=\"\" class=\"wp-image-1769\" srcset=\"https:\/\/www.creasions.be\/wp-content\/uploads\/2025\/04\/Hottes_Pere-Noel-1.jpeg 910w, https:\/\/www.creasions.be\/wp-content\/uploads\/2025\/04\/Hottes_Pere-Noel-1-200x300.jpeg 200w, https:\/\/www.creasions.be\/wp-content\/uploads\/2025\/04\/Hottes_Pere-Noel-1-682x1024.jpeg 682w, https:\/\/www.creasions.be\/wp-content\/uploads\/2025\/04\/Hottes_Pere-Noel-1-768x1153.jpeg 768w\" sizes=\"auto, (max-width: 910px) 100vw, 910px\" \/><\/a><\/figure>\n\n\n\n<h3 class=\"wp-block-heading has-medium-font-size\">Hottes de No\u00ebl<\/h3>\n<\/div>\n\n\n\n<div class=\"wp-block-column is-layout-flow wp-block-column-is-layout-flow\">\n<figure class=\"wp-block-image size-full\"><a href=\"https:\/\/www.creasions.be\/index.php\/bavoirs-de-noel\/\"><img loading=\"lazy\" decoding=\"async\" width=\"1552\" height=\"2328\" src=\"https:\/\/www.creasions.be\/wp-content\/uploads\/2025\/03\/Bavoir_Mon-tout-premier-noel.jpg\" alt=\"\" class=\"wp-image-26\" srcset=\"https:\/\/www.creasions.be\/wp-content\/uploads\/2025\/03\/Bavoir_Mon-tout-premier-noel.jpg 1552w, https:\/\/www.creasions.be\/wp-content\/uploads\/2025\/03\/Bavoir_Mon-tout-premier-noel-200x300.jpg 200w, https:\/\/www.creasions.be\/wp-content\/uploads\/2025\/03\/Bavoir_Mon-tout-premier-noel-683x1024.jpg 683w, https:\/\/www.creasions.be\/wp-content\/uploads\/2025\/03\/Bavoir_Mon-tout-premier-noel-768x1152.jpg 768w, https:\/\/www.creasions.be\/wp-content\/uploads\/2025\/03\/Bavoir_Mon-tout-premier-noel-1024x1536.jpg 1024w, https:\/\/www.creasions.be\/wp-content\/uploads\/2025\/03\/Bavoir_Mon-tout-premier-noel-1365x2048.jpg 1365w, https:\/\/www.creasions.be\/wp-content\/uploads\/2025\/03\/Bavoir_Mon-tout-premier-noel-40x60.jpg 40w\" sizes=\"auto, (max-width: 1552px) 100vw, 1552px\" \/><\/a><\/figure>\n\n\n\n<h3 class=\"wp-block-heading has-medium-font-size\">Bavoirs de No\u00ebl<\/h3>\n<\/div>\n\n\n\n<div class=\"wp-block-column is-layout-flow wp-block-column-is-layout-flow\">\n<figure class=\"wp-block-image size-full\"><a href=\"https:\/\/www.creasions.be\/index.php\/body-de-noel\/\"><img loading=\"lazy\" decoding=\"async\" width=\"800\" height=\"1200\" src=\"https:\/\/www.creasions.be\/wp-content\/uploads\/2025\/03\/apolline-02.jpg\" alt=\"\" class=\"wp-image-2143\" srcset=\"https:\/\/www.creasions.be\/wp-content\/uploads\/2025\/03\/apolline-02.jpg 800w, https:\/\/www.creasions.be\/wp-content\/uploads\/2025\/03\/apolline-02-200x300.jpg 200w, https:\/\/www.creasions.be\/wp-content\/uploads\/2025\/03\/apolline-02-683x1024.jpg 683w, https:\/\/www.creasions.be\/wp-content\/uploads\/2025\/03\/apolline-02-768x1152.jpg 768w\" sizes=\"auto, (max-width: 800px) 100vw, 800px\" \/><\/a><\/figure>\n\n\n\n<h3 class=\"wp-block-heading has-medium-font-size\">Body de No\u00ebl<\/h3>\n<\/div>\n\n\n\n<div class=\"wp-block-column is-layout-flow wp-block-column-is-layout-flow\">\n<figure class=\"wp-block-image size-full\"><a href=\"https:\/\/www.creasions.be\/index.php\/chaussettes-de-noel\/\"><img loading=\"lazy\" decoding=\"async\" width=\"1706\" height=\"2560\" src=\"https:\/\/www.creasions.be\/wp-content\/uploads\/2025\/11\/0E7CC8F2-317E-4191-926A-7A3AB688B525-scaled.jpeg\" alt=\"\" class=\"wp-image-2129\" srcset=\"https:\/\/www.creasions.be\/wp-content\/uploads\/2025\/11\/0E7CC8F2-317E-4191-926A-7A3AB688B525-scaled.jpeg 1706w, https:\/\/www.creasions.be\/wp-content\/uploads\/2025\/11\/0E7CC8F2-317E-4191-926A-7A3AB688B525-200x300.jpeg 200w, https:\/\/www.creasions.be\/wp-content\/uploads\/2025\/11\/0E7CC8F2-317E-4191-926A-7A3AB688B525-682x1024.jpeg 682w, https:\/\/www.creasions.be\/wp-content\/uploads\/2025\/11\/0E7CC8F2-317E-4191-926A-7A3AB688B525-768x1152.jpeg 768w, https:\/\/www.creasions.be\/wp-content\/uploads\/2025\/11\/0E7CC8F2-317E-4191-926A-7A3AB688B525-1024x1536.jpeg 1024w, https:\/\/www.creasions.be\/wp-content\/uploads\/2025\/11\/0E7CC8F2-317E-4191-926A-7A3AB688B525-1365x2048.jpeg 1365w\" sizes=\"auto, (max-width: 1706px) 100vw, 1706px\" \/><\/a><\/figure>\n\n\n\n<h3 class=\"wp-block-heading has-medium-font-size\">Chaussettes de No\u00ebl<\/h3>\n<\/div>\n<\/div>\n\n\n\n<div class=\"wp-block-columns alignwide is-layout-flex wp-container-core-columns-is-layout-d0846407 wp-block-columns-is-layout-flex\">\n<div class=\"wp-block-column is-layout-flow wp-block-column-is-layout-flow\">\n<figure data-wp-context=\"{&quot;imageId&quot;:&quot;69e023d396d54&quot;}\" data-wp-interactive=\"core\/image\" data-wp-key=\"69e023d396d54\" class=\"wp-block-image size-full wp-lightbox-container\"><img loading=\"lazy\" decoding=\"async\" width=\"800\" height=\"1200\" data-wp-class--hide=\"state.isContentHidden\" data-wp-class--show=\"state.isContentVisible\" data-wp-init=\"callbacks.setButtonStyles\" data-wp-on--click=\"actions.showLightbox\" data-wp-on--load=\"callbacks.setButtonStyles\" data-wp-on-window--resize=\"callbacks.setButtonStyles\" src=\"https:\/\/www.creasions.be\/wp-content\/uploads\/2025\/11\/IMG_4131-1.jpeg\" alt=\"\" class=\"wp-image-2136\" srcset=\"https:\/\/www.creasions.be\/wp-content\/uploads\/2025\/11\/IMG_4131-1.jpeg 800w, https:\/\/www.creasions.be\/wp-content\/uploads\/2025\/11\/IMG_4131-1-200x300.jpeg 200w, https:\/\/www.creasions.be\/wp-content\/uploads\/2025\/11\/IMG_4131-1-683x1024.jpeg 683w, https:\/\/www.creasions.be\/wp-content\/uploads\/2025\/11\/IMG_4131-1-768x1152.jpeg 768w\" sizes=\"auto, (max-width: 800px) 100vw, 800px\" \/><button\n\t\t\tclass=\"lightbox-trigger\"\n\t\t\ttype=\"button\"\n\t\t\taria-haspopup=\"dialog\"\n\t\t\taria-label=\"Agrandir\"\n\t\t\tdata-wp-init=\"callbacks.initTriggerButton\"\n\t\t\tdata-wp-on--click=\"actions.showLightbox\"\n\t\t\tdata-wp-style--right=\"state.imageButtonRight\"\n\t\t\tdata-wp-style--top=\"state.imageButtonTop\"\n\t\t>\n\t\t\t<svg xmlns=\"http:\/\/www.w3.org\/2000\/svg\" width=\"12\" height=\"12\" fill=\"none\" viewBox=\"0 0 12 12\">\n\t\t\t\t<path fill=\"#fff\" d=\"M2 0a2 2 0 0 0-2 2v2h1.5V2a.5.5 0 0 1 .5-.5h2V0H2Zm2 10.5H2a.5.5 0 0 1-.5-.5V8H0v2a2 2 0 0 0 2 2h2v-1.5ZM8 12v-1.5h2a.5.5 0 0 0 .5-.5V8H12v2a2 2 0 0 1-2 2H8Zm2-12a2 2 0 0 1 2 2v2h-1.5V2a.5.5 0 0 0-.5-.5H8V0h2Z\" \/>\n\t\t\t<\/svg>\n\t\t<\/button><\/figure>\n\n\n\n<h3 class=\"wp-block-heading has-medium-font-size\">Pyjama de No\u00ebl<\/h3>\n<\/div>\n\n\n\n<div class=\"wp-block-column is-layout-flow wp-block-column-is-layout-flow\">\n<figure data-wp-context=\"{&quot;imageId&quot;:&quot;69e023d3971a5&quot;}\" data-wp-interactive=\"core\/image\" data-wp-key=\"69e023d3971a5\" class=\"wp-block-image size-full wp-lightbox-container\"><img loading=\"lazy\" decoding=\"async\" width=\"800\" height=\"1200\" data-wp-class--hide=\"state.isContentHidden\" data-wp-class--show=\"state.isContentVisible\" data-wp-init=\"callbacks.setButtonStyles\" data-wp-on--click=\"actions.showLightbox\" data-wp-on--load=\"callbacks.setButtonStyles\" data-wp-on-window--resize=\"callbacks.setButtonStyles\" src=\"https:\/\/www.creasions.be\/wp-content\/uploads\/2025\/11\/IMG_3878.jpg\" alt=\"\" class=\"wp-image-2130\" srcset=\"https:\/\/www.creasions.be\/wp-content\/uploads\/2025\/11\/IMG_3878.jpg 800w, https:\/\/www.creasions.be\/wp-content\/uploads\/2025\/11\/IMG_3878-200x300.jpg 200w, https:\/\/www.creasions.be\/wp-content\/uploads\/2025\/11\/IMG_3878-683x1024.jpg 683w, https:\/\/www.creasions.be\/wp-content\/uploads\/2025\/11\/IMG_3878-768x1152.jpg 768w\" sizes=\"auto, (max-width: 800px) 100vw, 800px\" \/><button\n\t\t\tclass=\"lightbox-trigger\"\n\t\t\ttype=\"button\"\n\t\t\taria-haspopup=\"dialog\"\n\t\t\taria-label=\"Agrandir\"\n\t\t\tdata-wp-init=\"callbacks.initTriggerButton\"\n\t\t\tdata-wp-on--click=\"actions.showLightbox\"\n\t\t\tdata-wp-style--right=\"state.imageButtonRight\"\n\t\t\tdata-wp-style--top=\"state.imageButtonTop\"\n\t\t>\n\t\t\t<svg xmlns=\"http:\/\/www.w3.org\/2000\/svg\" width=\"12\" height=\"12\" fill=\"none\" viewBox=\"0 0 12 12\">\n\t\t\t\t<path fill=\"#fff\" d=\"M2 0a2 2 0 0 0-2 2v2h1.5V2a.5.5 0 0 1 .5-.5h2V0H2Zm2 10.5H2a.5.5 0 0 1-.5-.5V8H0v2a2 2 0 0 0 2 2h2v-1.5ZM8 12v-1.5h2a.5.5 0 0 0 .5-.5V8H12v2a2 2 0 0 1-2 2H8Zm2-12a2 2 0 0 1 2 2v2h-1.5V2a.5.5 0 0 0-.5-.5H8V0h2Z\" \/>\n\t\t\t<\/svg>\n\t\t<\/button><\/figure>\n\n\n\n<h3 class=\"wp-block-heading has-medium-font-size\">Coussins de No\u00ebl<\/h3>\n<\/div>\n\n\n\n<div class=\"wp-block-column is-layout-flow wp-block-column-is-layout-flow\">\n<figure class=\"wp-block-image size-full\"><a href=\"https:\/\/www.creasions.be\/index.php\/2159-2\/\"><img loading=\"lazy\" decoding=\"async\" width=\"1707\" height=\"2560\" src=\"https:\/\/www.creasions.be\/wp-content\/uploads\/2025\/11\/IMG_2608-scaled.jpeg\" alt=\"\" class=\"wp-image-2134\" srcset=\"https:\/\/www.creasions.be\/wp-content\/uploads\/2025\/11\/IMG_2608-scaled.jpeg 1707w, https:\/\/www.creasions.be\/wp-content\/uploads\/2025\/11\/IMG_2608-200x300.jpeg 200w, https:\/\/www.creasions.be\/wp-content\/uploads\/2025\/11\/IMG_2608-683x1024.jpeg 683w, https:\/\/www.creasions.be\/wp-content\/uploads\/2025\/11\/IMG_2608-768x1152.jpeg 768w, https:\/\/www.creasions.be\/wp-content\/uploads\/2025\/11\/IMG_2608-1024x1536.jpeg 1024w, https:\/\/www.creasions.be\/wp-content\/uploads\/2025\/11\/IMG_2608-1365x2048.jpeg 1365w\" sizes=\"auto, (max-width: 1707px) 100vw, 1707px\" \/><\/a><\/figure>\n\n\n\n<h3 class=\"wp-block-heading has-medium-font-size\">Pulls de No\u00ebl<\/h3>\n<\/div>\n<\/div>\n<\/div>\n\n\n\n<p><\/p>\n","protected":false},"excerpt":{"rendered":"<p>Boules de No\u00ebl Boules de No\u00ebl en Feuille Acrylique Mug de No\u00ebl Photophores de No\u00ebl Hottes de No\u00ebl Bavoirs de No\u00ebl Body de No\u00ebl Chaussettes de No\u00ebl Pyjama de No\u00ebl Coussins de No\u00ebl Pulls de No\u00ebl<\/p>\n","protected":false},"author":1,"featured_media":0,"parent":0,"menu_order":0,"comment_status":"closed","ping_status":"closed","template":"","meta":{"footnotes":""},"class_list":["post-2126","page","type-page","status-publish","hentry"],"_links":{"self":[{"href":"https:\/\/www.creasions.be\/index.php\/wp-json\/wp\/v2\/pages\/2126","targetHints":{"allow":["GET"]}}],"collection":[{"href":"https:\/\/www.creasions.be\/index.php\/wp-json\/wp\/v2\/pages"}],"about":[{"href":"https:\/\/www.creasions.be\/index.php\/wp-json\/wp\/v2\/types\/page"}],"author":[{"embeddable":true,"href":"https:\/\/www.creasions.be\/index.php\/wp-json\/wp\/v2\/users\/1"}],"replies":[{"embeddable":true,"href":"https:\/\/www.creasions.be\/index.php\/wp-json\/wp\/v2\/comments?post=2126"}],"version-history":[{"count":15,"href":"https:\/\/www.creasions.be\/index.php\/wp-json\/wp\/v2\/pages\/2126\/revisions"}],"predecessor-version":[{"id":2353,"href":"https:\/\/www.creasions.be\/index.php\/wp-json\/wp\/v2\/pages\/2126\/revisions\/2353"}],"wp:attachment":[{"href":"https:\/\/www.creasions.be\/index.php\/wp-json\/wp\/v2\/media?parent=2126"}],"curies":[{"name":"wp","href":"https:\/\/api.w.org\/{rel}","templated":true}]}}